{"id":17,"date":"2014-07-30T09:37:03","date_gmt":"2014-07-30T07:37:03","guid":{"rendered":"http:\/\/maxfrut.com\/?page_id=17"},"modified":"2026-01-21T13:27:44","modified_gmt":"2026-01-21T12:27:44","slug":"maxfrut","status":"publish","type":"page","link":"https:\/\/www.maxfrut.com\/fr\/espanol-contacto\/","title":{"rendered":"Contact"},"content":{"rendered":"<p class=\"qtranxs-available-languages-message qtranxs-available-languages-message-fr\">D\u00e9sol\u00e9, cet article est seulement disponible en <a href=\"https:\/\/www.maxfrut.com\/es\/wp-json\/wp\/v2\/pages\/17\" class=\"qtranxs-available-language-link qtranxs-available-language-link-es\" title=\"Espa\u00f1ol\">Espa\u00f1ol<\/a> et <a href=\"https:\/\/www.maxfrut.com\/en\/wp-json\/wp\/v2\/pages\/17\" class=\"qtranxs-available-language-link qtranxs-available-language-link-en\" title=\"English\">English<\/a>.<\/p>","protected":false},"excerpt":{"rendered":"<p>D\u00e9sol\u00e9, cet article est seulement disponible en Espa\u00f1ol.<\/p>\n","protected":false},"author":5,"featured_media":1433,"parent":0,"menu_order":8,"comment_status":"closed","ping_status":"closed","template":"page-templates\/full-width.php","meta":{"footnotes":""},"class_list":["post-17","page","type-page","status-publish","has-post-thumbnail","hentry"],"_links":{"self":[{"href":"https:\/\/www.maxfrut.com\/fr\/wp-json\/wp\/v2\/pages\/17","targetHints":{"allow":["GET"]}}],"collection":[{"href":"https:\/\/www.maxfrut.com\/fr\/wp-json\/wp\/v2\/pages"}],"about":[{"href":"https:\/\/www.maxfrut.com\/fr\/wp-json\/wp\/v2\/types\/page"}],"author":[{"embeddable":true,"href":"https:\/\/www.maxfrut.com\/fr\/wp-json\/wp\/v2\/users\/5"}],"replies":[{"embeddable":true,"href":"https:\/\/www.maxfrut.com\/fr\/wp-json\/wp\/v2\/comments?post=17"}],"version-history":[{"count":129,"href":"https:\/\/www.maxfrut.com\/fr\/wp-json\/wp\/v2\/pages\/17\/revisions"}],"predecessor-version":[{"id":1570,"href":"https:\/\/www.maxfrut.com\/fr\/wp-json\/wp\/v2\/pages\/17\/revisions\/1570"}],"wp:featuredmedia":[{"embeddable":true,"href":"https:\/\/www.maxfrut.com\/fr\/wp-json\/wp\/v2\/media\/1433"}],"wp:attachment":[{"href":"https:\/\/www.maxfrut.com\/fr\/wp-json\/wp\/v2\/media?parent=17"}],"curies":[{"name":"wp","href":"https:\/\/api.w.org\/{rel}","templated":true}]}}